{"id":35,"date":"2024-01-03T19:08:12","date_gmt":"2024-01-03T19:08:12","guid":{"rendered":"https:\/\/themes.getmotopress.com\/mountainview\/?page_id=35"},"modified":"2024-01-30T17:04:52","modified_gmt":"2024-01-30T17:04:52","slug":"home","status":"publish","type":"page","link":"https:\/\/horteladaribeira.pt\/","title":{"rendered":"Home"},"content":{"rendered":"<h2><span style=\"color: #808080;\">Lazer e Bem-estar | Natureza | Campo e Montanha<\/span><br \/>Quinta Hortel\u00e3 da Ribeira | Serra da Estrela | Portugal<\/h2>\n<p>Num para\u00edso, perto de todos, mas desconhecido por muitos, nasceu um novo ref\u00fagio. <strong>J\u00e1 abriu!<\/strong><\/p>\n<p><img data-recalc-dims=\"1\" loading=\"lazy\" decoding=\"async\" class=\"alignleft wp-image-2940\" src=\"https:\/\/i0.wp.com\/horteladaribeira.pt\/wp-content\/uploads\/2024\/01\/IMG-20230816-WA0003-3.jpg?resize=375%2C281&#038;ssl=1\" alt=\"Vista a\u00e9rea Hortel\u00e3 da Ribeira | Serra da Estrela\" width=\"375\" height=\"281\" srcset=\"https:\/\/i0.wp.com\/horteladaribeira.pt\/wp-content\/uploads\/2024\/01\/IMG-20230816-WA0003-3.jpg?resize=300%2C225&amp;ssl=1 300w, https:\/\/i0.wp.com\/horteladaribeira.pt\/wp-content\/uploads\/2024\/01\/IMG-20230816-WA0003-3.jpg?resize=768%2C576&amp;ssl=1 768w, https:\/\/i0.wp.com\/horteladaribeira.pt\/wp-content\/uploads\/2024\/01\/IMG-20230816-WA0003-3.jpg?resize=800%2C600&amp;ssl=1 800w, https:\/\/i0.wp.com\/horteladaribeira.pt\/wp-content\/uploads\/2024\/01\/IMG-20230816-WA0003-3.jpg?w=1024&amp;ssl=1 1024w\" sizes=\"auto, (max-width: 375px) 100vw, 375px\" \/><\/p>\n<p><strong>O que \u00e9 a Hortel\u00e3 da Ribeira &#8211;\u00a0 Serra da Estrela?<\/strong><\/p>\n<p>Um ref\u00fagio.<br \/>Transformado num Turismo rural.<\/p>\n<p>Uma quinta, em socalcos, inserida no bel\u00edssimo Parque Natural da Serra da Estrela, Geopark Mundial da UNESCO. Localizada a 20 km da Covilh\u00e3 e a 3 km de Cortes do Meio, 1.5 km da Bou\u00e7a &#8211; Aldeias de montanha e apenas a 8 km da Torre (topo da Serra da Estrela e ponto mais alto de Portugal continental. A Quinta Hortel\u00e3 da Ribeira pega com a Ribeira de Cortes e fica imediatamente ap\u00f3s a aldeia da Bou\u00e7a. A partir daqui, poder\u00e1 seguir a estrada de Cortes do Meio \u00e0s Penhas da Sa\u00fade (EM508-EN339), fazendo assim o melhor e mais bonito acesso ao topo da Serra da Estrela!<\/p>\n<p>Tudo come\u00e7ou com um projeto agr\u00edcola, com a planta\u00e7\u00e3o de nogueiras, medronheiros e algumas \u00e1rvores de fruto &#8211; diospireiro, cerejeira, ameixoeira, rom\u00e3zeira, figueira, amoreira, entre outras.<br \/>Depois disso, o reaproveitamento de uma antiga estrutura de pedra, que servia para abrigar o gado (corte), permitiu realizar o sonho de desenvolver este ref\u00fagio, numa das mais bonitas e privilegiadas paisagens naturais do centro do pa\u00eds.<\/p>\n<p>Agora, abrimos a porta a todos aqueles que sejam amantes da natureza e que queiram descobrir e conhecer a Serra da Estrela!<br \/><strong>Bem-vindos \u00e0 Hortel\u00e3 da Ribeira!<\/strong><\/p>\n<p>Na <a href=\"https:\/\/horteladaribeira.pt\/index.php\/aldeias\/bouca\/\">Bou\u00e7a<\/a>, <a href=\"https:\/\/horteladaribeira.pt\/index.php\/aldeias\/cortes-do-meio\/\">Cortes do Meio<\/a>, <a href=\"https:\/\/www.cm-covilha.pt\/\" target=\"_blank\" rel=\"noopener\">Concelho da Covilh\u00e3<\/a>.<br \/>Venha conhecer. Esperamos por si!<br \/>\u00c9 verdade que somos n\u00f3s a dizer, mas vale muito a pena!<\/p>\n<h4><strong>Contactos:<\/strong><\/h4>\n<p>Telefone e WhatsApp: +351 966 675 710 *chamada para rede m\u00f3vel nacional\u00a0<br \/><a href=\"mailto:geral@horteladaribeira.pt\">geral@horteladaribeira.pt<\/a><\/p>\n\n\n<div class=\"wp-block-group is-nowrap is-layout-flex wp-container-core-group-is-layout-ad2f72ca wp-block-group-is-layout-flex\">\n<div class=\"wp-block-buttons is-content-justification-space-between is-layout-flex wp-container-core-buttons-is-layout-e1f24697 wp-block-buttons-is-layout-flex\">\n<div class=\"wp-block-button is-style-fill\"><a class=\"wp-block-button__link wp-element-button\" href=\"https:\/\/horteladaribeira.pt\/index.php\/reserve-online\/\">Reservar<\/a><\/div>\n<\/div>\n\n\n\n<div class=\"wp-block-buttons is-content-justification-space-between is-layout-flex wp-container-core-buttons-is-layout-3d213aab wp-block-buttons-is-layout-flex\">\n<div class=\"wp-block-button\"><a class=\"wp-block-button__link wp-element-button\" href=\"https:\/\/horteladaribeira.pt\/index.php\/alojamento\/\">Ver alojamentos<\/a><\/div>\n<\/div>\n<\/div>\n","protected":false},"excerpt":{"rendered":"<p>Lazer e Bem-estar | Natureza | Campo e MontanhaQuinta Hortel\u00e3 da Ribeira | Serra da Estrela | Portugal Num para\u00edso, perto de todos, mas desconhecido por muitos, nasceu um novo ref\u00fagio. J\u00e1 abriu! O que \u00e9 a Hortel\u00e3 da Ribeira &#8211;\u00a0 Serra da Estrela? Um ref\u00fagio.Transformado num Turismo rural. Uma quinta, em socalcos, inserida no [&hellip;]<\/p>\n","protected":false},"author":1,"featured_media":2585,"parent":0,"menu_order":0,"comment_status":"closed","ping_status":"closed","template":"template-front-page.php","meta":{"inline_featured_image":false,"footnotes":""},"class_list":["post-35","page","type-page","status-publish","has-post-thumbnail","hentry"],"aioseo_notices":[],"jetpack_sharing_enabled":true,"_links":{"self":[{"href":"https:\/\/horteladaribeira.pt\/index.php\/wp-json\/wp\/v2\/pages\/35","targetHints":{"allow":["GET"]}}],"collection":[{"href":"https:\/\/horteladaribeira.pt\/index.php\/wp-json\/wp\/v2\/pages"}],"about":[{"href":"https:\/\/horteladaribeira.pt\/index.php\/wp-json\/wp\/v2\/types\/page"}],"author":[{"embeddable":true,"href":"https:\/\/horteladaribeira.pt\/index.php\/wp-json\/wp\/v2\/users\/1"}],"replies":[{"embeddable":true,"href":"https:\/\/horteladaribeira.pt\/index.php\/wp-json\/wp\/v2\/comments?post=35"}],"version-history":[{"count":4,"href":"https:\/\/horteladaribeira.pt\/index.php\/wp-json\/wp\/v2\/pages\/35\/revisions"}],"predecessor-version":[{"id":2957,"href":"https:\/\/horteladaribeira.pt\/index.php\/wp-json\/wp\/v2\/pages\/35\/revisions\/2957"}],"wp:featuredmedia":[{"embeddable":true,"href":"https:\/\/horteladaribeira.pt\/index.php\/wp-json\/wp\/v2\/media\/2585"}],"wp:attachment":[{"href":"https:\/\/horteladaribeira.pt\/index.php\/wp-json\/wp\/v2\/media?parent=35"}],"curies":[{"name":"wp","href":"https:\/\/api.w.org\/{rel}","templated":true}]}}