{"id":2207,"date":"2018-06-28T11:58:14","date_gmt":"2018-06-28T11:58:14","guid":{"rendered":"https:\/\/horteladaribeira.pt\/?page_id=2207"},"modified":"2024-01-07T18:46:25","modified_gmt":"2024-01-07T18:46:25","slug":"estrela-geoparc","status":"publish","type":"page","link":"https:\/\/horteladaribeira.pt\/index.php\/fr\/home-francais\/activites\/estrela-geoparc\/","title":{"rendered":"Estrela G\u00e9oparc"},"content":{"rendered":"<p>Un G\u00e9oparc mondial UNESCO est bien plus qu\u2019un classement. Ceux-ci sont<br \/>\nterritoires de la Science, de l&#8217;\u00c9ducation et de la Culture, o\u00f9 le substrat g\u00e9ologique sert de point d&#8217;ancrage \u00e0<br \/>\nplusieurs strat\u00e9gies de d\u00e9veloppement. Cela vaut la peine de visiter et de conna\u00eetre le Estrela G\u00e9oparc!<\/p>\n<p><!--more--><\/p>\n<p>Dans le contexte de la r\u00e9gion centrale du Portugal continental, le Estrela G\u00e9oparc comprend une partie ou la totalit\u00e9 des neuf communes structur\u00e9es autour de la Serra da Estrela &#8211; Belmonte, Celorico da Beira, Covilh\u00e3, Fornos de Algodres, Gouveia, Guarda, Manteigas, Oliveira do Hospital. et Seia, facteur qui leur conf\u00e8re une identit\u00e9 et une coh\u00e9sion territoriale.<\/p>\n<p>D&#8217;une superficie de 2216 km2, le territoire de ce G\u00e9oparc mondial de l&#8217;UNESCO refl\u00e8te un paysage diversifi\u00e9, r\u00e9sultat de multiples transformations g\u00e9ologiques, de contrastes climatiques enregistr\u00e9s, ainsi que d&#8217;occupations humaines anciennes, dont les premi\u00e8res traces remontent au d\u00e9but de l&#8217;ann\u00e9e. le 4\u00e8me mill\u00e9naire avant JC. C. Ces facteurs sont, \u00e0 eux seuls, une cause suffisante pour faire d&#8217;Estrela un territoire de forts contrastes, o\u00f9 son paysage, mat\u00e9riel et immat\u00e9riel, refl\u00e8te un long processus d&#8217;adaptation et de transformations successives.<\/p>\n<p>C&#8217;est un lieu o\u00f9 la beaut\u00e9 sauvage se confond avec l&#8217;histoire ancienne, Estrela \u00e9tant l&#8217;\u00e9l\u00e9ment unificateur d&#8217;un territoire qui se d\u00e9veloppe autour de l&#8217;\u00e9l\u00e9ment g\u00e9ographique qui \u00e9tait autrefois un facteur de s\u00e9paration et qui unit aujourd&#8217;hui neuf communes. Comme le dit l\u2019\u00e9crivain portugais du XXe si\u00e8cle Miguel Torga \u00ab l\u2019\u00c9toile est grande, immense, \u00e9nigmatique et sa pr\u00e9sence physique est imm\u00e9diatement une obsession, ajoutant \u00e0 la r\u00e9alit\u00e9 inqui\u00e9tante une certitude encore plus vive : celle de toutes les v\u00e9rit\u00e9s locales \u00e9manent d\u2019elle. \u00bb (Miguel Torga, 1967).<\/p>\n<p><strong>Porte du Geopark de Covilh\u00e3<\/strong><br \/>\nLieu : Office de Tourisme<br \/>\nContacts: +351 275 330 635 | <a href=\"mailto:turismo@cm-covilha.pt\">turismo@cm-covilha.pt<\/a><br \/>\nSite internet et horaires d&#8217;ouverture: <a href=\"http:\/\/www.visitcovilha.com\/destinations\/posto-de-turismo\" target=\"_blank\" rel=\"noopener\">www.visitcovilha.com\/destinations\/posto-de-turismo<\/a><\/p>\n<p><img data-recalc-dims=\"1\" loading=\"lazy\" decoding=\"async\" class=\"alignnone size-medium wp-image-370\" src=\"https:\/\/i0.wp.com\/horteladaribeira.pt\/wp-content\/uploads\/2023\/10\/Logo-GE_Opcao-Cores-e1697572076439-300x196.png?resize=300%2C196&#038;ssl=1\" alt=\"\" width=\"300\" height=\"196\" srcset=\"https:\/\/i0.wp.com\/horteladaribeira.pt\/wp-content\/uploads\/2023\/10\/Logo-GE_Opcao-Cores-e1697572076439.png?resize=300%2C196&amp;ssl=1 300w, https:\/\/i0.wp.com\/horteladaribeira.pt\/wp-content\/uploads\/2023\/10\/Logo-GE_Opcao-Cores-e1697572076439.png?resize=1024%2C670&amp;ssl=1 1024w, https:\/\/i0.wp.com\/horteladaribeira.pt\/wp-content\/uploads\/2023\/10\/Logo-GE_Opcao-Cores-e1697572076439.png?resize=768%2C502&amp;ssl=1 768w, https:\/\/i0.wp.com\/horteladaribeira.pt\/wp-content\/uploads\/2023\/10\/Logo-GE_Opcao-Cores-e1697572076439.png?resize=1536%2C1004&amp;ssl=1 1536w, https:\/\/i0.wp.com\/horteladaribeira.pt\/wp-content\/uploads\/2023\/10\/Logo-GE_Opcao-Cores-e1697572076439.png?resize=2048%2C1339&amp;ssl=1 2048w, https:\/\/i0.wp.com\/horteladaribeira.pt\/wp-content\/uploads\/2023\/10\/Logo-GE_Opcao-Cores-e1697572076439.png?resize=800%2C523&amp;ssl=1 800w, https:\/\/i0.wp.com\/horteladaribeira.pt\/wp-content\/uploads\/2023\/10\/Logo-GE_Opcao-Cores-e1697572076439.png?resize=1516%2C991&amp;ssl=1 1516w, https:\/\/i0.wp.com\/horteladaribeira.pt\/wp-content\/uploads\/2023\/10\/Logo-GE_Opcao-Cores-e1697572076439.png?w=1600&amp;ssl=1 1600w, https:\/\/i0.wp.com\/horteladaribeira.pt\/wp-content\/uploads\/2023\/10\/Logo-GE_Opcao-Cores-e1697572076439.png?w=2400&amp;ssl=1 2400w\" sizes=\"auto, (max-width: 300px) 100vw, 300px\" \/><\/p>\n","protected":false},"excerpt":{"rendered":"<p>Un G\u00e9oparc mondial UNESCO est bien plus qu\u2019un classement. Ceux-ci sont territoires de la Science, de l&#8217;\u00c9ducation et de la Culture, o\u00f9 le substrat g\u00e9ologique sert de point d&#8217;ancrage \u00e0 plusieurs strat\u00e9gies de d\u00e9veloppement. Cela vaut la peine de visiter et de conna\u00eetre le Estrela G\u00e9oparc!<\/p>\n","protected":false},"author":1,"featured_media":2139,"parent":2193,"menu_order":5,"comment_status":"closed","ping_status":"closed","template":"","meta":{"inline_featured_image":false,"footnotes":""},"class_list":["post-2207","page","type-page","status-publish","has-post-thumbnail","hentry"],"aioseo_notices":[],"jetpack_sharing_enabled":true,"_links":{"self":[{"href":"https:\/\/horteladaribeira.pt\/index.php\/wp-json\/wp\/v2\/pages\/2207","targetHints":{"allow":["GET"]}}],"collection":[{"href":"https:\/\/horteladaribeira.pt\/index.php\/wp-json\/wp\/v2\/pages"}],"about":[{"href":"https:\/\/horteladaribeira.pt\/index.php\/wp-json\/wp\/v2\/types\/page"}],"author":[{"embeddable":true,"href":"https:\/\/horteladaribeira.pt\/index.php\/wp-json\/wp\/v2\/users\/1"}],"replies":[{"embeddable":true,"href":"https:\/\/horteladaribeira.pt\/index.php\/wp-json\/wp\/v2\/comments?post=2207"}],"version-history":[{"count":0,"href":"https:\/\/horteladaribeira.pt\/index.php\/wp-json\/wp\/v2\/pages\/2207\/revisions"}],"up":[{"embeddable":true,"href":"https:\/\/horteladaribeira.pt\/index.php\/wp-json\/wp\/v2\/pages\/2193"}],"wp:featuredmedia":[{"embeddable":true,"href":"https:\/\/horteladaribeira.pt\/index.php\/wp-json\/wp\/v2\/media\/2139"}],"wp:attachment":[{"href":"https:\/\/horteladaribeira.pt\/index.php\/wp-json\/wp\/v2\/media?parent=2207"}],"curies":[{"name":"wp","href":"https:\/\/api.w.org\/{rel}","templated":true}]}}