{"id":2154,"date":"2023-11-05T01:46:27","date_gmt":"2023-11-05T01:46:27","guid":{"rendered":"https:\/\/horteladaribeira.pt\/?page_id=2154"},"modified":"2024-01-08T18:17:24","modified_gmt":"2024-01-08T18:17:24","slug":"bouca","status":"publish","type":"page","link":"https:\/\/horteladaribeira.pt\/index.php\/fr\/villages\/bouca\/","title":{"rendered":"Bou\u00e7a"},"content":{"rendered":"<p>Bou\u00e7a est un village de 228 habitants (donn\u00e9es de 2011) qui fait partie de la paroisse de Cortes do Meio, dans la municipalit\u00e9 de Covilh\u00e3, ville dont il se trouve \u00e0 16 km. Bienvenue \u00e0 Bou\u00e7a!<\/p>\n<p><!--more--><\/p>\n<p>Le toponyme de Bou\u00e7a signifie terre inculte, o\u00f9 ne subsiste que la brousse, une situation qui n&#8217;a rien \u00e0 voir avec une telle signification. Ce terrain est une v\u00e9ritable affiche touristique de la Serra da Estrela. Prostr\u00e9e au pied du Balcon des Bergers, ce respectueux g\u00e9ant de granit, Bou\u00e7a offre \u00e0 ses visiteurs des paysages uniques et un \u00e9chantillon d&#8217;air frais, tout aussi pures et cristallines sont les eaux qui creusent entre ses fragments.<\/p>\n<p>Au moins jusqu&#8217;\u00e0 la fin du deuxi\u00e8me quart du XIXe si\u00e8cle, elle faisait partie de la paroisse de Santa Maria de Covilh\u00e3.<\/p>\n<p>La principale agglom\u00e9ration urbaine n\u2019\u00e9tait pas toujours situ\u00e9e \u00e0 l\u2019emplacement actuel. Au d\u00e9but, les gens vivaient \u00e0 Bou\u00e7a Velha, sur la rive droite du fleuve, \u00e0 mi-hauteur du versant de la montagne qui descend de Varanda dos Pastores vers la vall\u00e9e.<\/p>\n<div class=\"tiled-gallery type-rectangular tiled-gallery-unresized\" data-original-width=\"800\" data-carousel-extra='null' itemscope itemtype=\"http:\/\/schema.org\/ImageGallery\" > <div class=\"gallery-row\" style=\"width: 800px; height: 428px;\" data-original-width=\"800\" data-original-height=\"428\" > <div class=\"gallery-group images-1\" style=\"width: 534px; height: 428px;\" data-original-width=\"534\" data-original-height=\"428\" > <div class=\"tiled-gallery-item tiled-gallery-item-large\" itemprop=\"associatedMedia\" itemscope itemtype=\"http:\/\/schema.org\/ImageObject\"> <a href=\"https:\/\/horteladaribeira.pt\/bouca10-2\/\" border=\"0\" itemprop=\"url\"> <meta itemprop=\"width\" content=\"530\"> <meta itemprop=\"height\" content=\"424\"> <img decoding=\"async\" class=\"\" data-attachment-id=\"2045\" data-orig-file=\"https:\/\/horteladaribeira.pt\/wp-content\/uploads\/2023\/11\/bouca10.jpg\" data-orig-size=\"1000,800\" data-comments-opened=\"1\" data-image-meta=\"{&quot;aperture&quot;:&quot;0&quot;,&quot;credit&quot;:&quot;&quot;,&quot;camera&quot;:&quot;&quot;,&quot;caption&quot;:&quot;&quot;,&quot;created_timestamp&quot;:&quot;0&quot;,&quot;copyright&quot;:&quot;&quot;,&quot;focal_length&quot;:&quot;0&quot;,&quot;iso&quot;:&quot;0&quot;,&quot;shutter_speed&quot;:&quot;0&quot;,&quot;title&quot;:&quot;&quot;,&quot;orientation&quot;:&quot;0&quot;}\" data-image-title=\"bouca10\" data-image-description=\"\" data-medium-file=\"https:\/\/i0.wp.com\/horteladaribeira.pt\/wp-content\/uploads\/2023\/11\/bouca10.jpg?fit=300%2C240&#038;ssl=1\" data-large-file=\"https:\/\/i0.wp.com\/horteladaribeira.pt\/wp-content\/uploads\/2023\/11\/bouca10.jpg?fit=800%2C640&#038;ssl=1\" src=\"https:\/\/i0.wp.com\/horteladaribeira.pt\/wp-content\/uploads\/2023\/11\/bouca10.jpg?w=530&#038;h=424&#038;ssl=1\" srcset=\"https:\/\/i0.wp.com\/horteladaribeira.pt\/wp-content\/uploads\/2023\/11\/bouca10.jpg?w=1000&amp;ssl=1 1000w, https:\/\/i0.wp.com\/horteladaribeira.pt\/wp-content\/uploads\/2023\/11\/bouca10.jpg?resize=300%2C240&amp;ssl=1 300w, https:\/\/i0.wp.com\/horteladaribeira.pt\/wp-content\/uploads\/2023\/11\/bouca10.jpg?resize=768%2C614&amp;ssl=1 768w, https:\/\/i0.wp.com\/horteladaribeira.pt\/wp-content\/uploads\/2023\/11\/bouca10.jpg?resize=800%2C640&amp;ssl=1 800w\" width=\"530\" height=\"424\" loading=\"lazy\" data-original-width=\"530\" data-original-height=\"424\" itemprop=\"http:\/\/schema.org\/image\" title=\"bouca10\" alt=\"11_Le village : Bou\u00e7a\" style=\"width: 530px; height: 424px;\" \/> <\/a> <div class=\"tiled-gallery-caption\" itemprop=\"caption description\"> 11_Le village : Bou\u00e7a <\/div> <\/div> <\/div> <!-- close group --> <div class=\"gallery-group images-2\" style=\"width: 266px; height: 428px;\" data-original-width=\"266\" data-original-height=\"428\" > <div class=\"tiled-gallery-item tiled-gallery-item-large\" itemprop=\"associatedMedia\" itemscope itemtype=\"http:\/\/schema.org\/ImageObject\"> <a href=\"https:\/\/horteladaribeira.pt\/bouca9-2\/\" border=\"0\" itemprop=\"url\"> <meta itemprop=\"width\" content=\"262\"> <meta itemprop=\"height\" content=\"210\"> <img decoding=\"async\" class=\"\" data-attachment-id=\"2042\" data-orig-file=\"https:\/\/horteladaribeira.pt\/wp-content\/uploads\/2023\/11\/bouca9.jpg\" data-orig-size=\"1000,800\" data-comments-opened=\"1\" data-image-meta=\"{&quot;aperture&quot;:&quot;0&quot;,&quot;credit&quot;:&quot;&quot;,&quot;camera&quot;:&quot;&quot;,&quot;caption&quot;:&quot;&quot;,&quot;created_timestamp&quot;:&quot;0&quot;,&quot;copyright&quot;:&quot;&quot;,&quot;focal_length&quot;:&quot;0&quot;,&quot;iso&quot;:&quot;0&quot;,&quot;shutter_speed&quot;:&quot;0&quot;,&quot;title&quot;:&quot;&quot;,&quot;orientation&quot;:&quot;0&quot;}\" data-image-title=\"bouca9\" data-image-description=\"\" data-medium-file=\"https:\/\/i0.wp.com\/horteladaribeira.pt\/wp-content\/uploads\/2023\/11\/bouca9.jpg?fit=300%2C240&#038;ssl=1\" data-large-file=\"https:\/\/i0.wp.com\/horteladaribeira.pt\/wp-content\/uploads\/2023\/11\/bouca9.jpg?fit=800%2C640&#038;ssl=1\" src=\"https:\/\/i0.wp.com\/horteladaribeira.pt\/wp-content\/uploads\/2023\/11\/bouca9.jpg?w=262&#038;h=210&#038;ssl=1\" srcset=\"https:\/\/i0.wp.com\/horteladaribeira.pt\/wp-content\/uploads\/2023\/11\/bouca9.jpg?w=1000&amp;ssl=1 1000w, https:\/\/i0.wp.com\/horteladaribeira.pt\/wp-content\/uploads\/2023\/11\/bouca9.jpg?resize=300%2C240&amp;ssl=1 300w, https:\/\/i0.wp.com\/horteladaribeira.pt\/wp-content\/uploads\/2023\/11\/bouca9.jpg?resize=768%2C614&amp;ssl=1 768w, https:\/\/i0.wp.com\/horteladaribeira.pt\/wp-content\/uploads\/2023\/11\/bouca9.jpg?resize=800%2C640&amp;ssl=1 800w\" width=\"262\" height=\"210\" loading=\"lazy\" data-original-width=\"262\" data-original-height=\"210\" itemprop=\"http:\/\/schema.org\/image\" title=\"bouca9\" alt=\"10_Le village : Bou\u00e7a\" style=\"width: 262px; height: 210px;\" \/> <\/a> <div class=\"tiled-gallery-caption\" itemprop=\"caption description\"> 10_Le village : Bou\u00e7a <\/div> <\/div> <div class=\"tiled-gallery-item tiled-gallery-item-large\" itemprop=\"associatedMedia\" itemscope itemtype=\"http:\/\/schema.org\/ImageObject\"> <a href=\"https:\/\/horteladaribeira.pt\/bouca8-2\/\" border=\"0\" itemprop=\"url\"> <meta itemprop=\"width\" content=\"262\"> <meta itemprop=\"height\" content=\"210\"> <img decoding=\"async\" class=\"\" data-attachment-id=\"2039\" data-orig-file=\"https:\/\/horteladaribeira.pt\/wp-content\/uploads\/2023\/11\/bouca8.jpg\" data-orig-size=\"1000,800\" data-comments-opened=\"1\" data-image-meta=\"{&quot;aperture&quot;:&quot;0&quot;,&quot;credit&quot;:&quot;&quot;,&quot;camera&quot;:&quot;&quot;,&quot;caption&quot;:&quot;&quot;,&quot;created_timestamp&quot;:&quot;0&quot;,&quot;copyright&quot;:&quot;&quot;,&quot;focal_length&quot;:&quot;0&quot;,&quot;iso&quot;:&quot;0&quot;,&quot;shutter_speed&quot;:&quot;0&quot;,&quot;title&quot;:&quot;&quot;,&quot;orientation&quot;:&quot;0&quot;}\" data-image-title=\"bouca8\" data-image-description=\"\" data-medium-file=\"https:\/\/i0.wp.com\/horteladaribeira.pt\/wp-content\/uploads\/2023\/11\/bouca8.jpg?fit=300%2C240&#038;ssl=1\" data-large-file=\"https:\/\/i0.wp.com\/horteladaribeira.pt\/wp-content\/uploads\/2023\/11\/bouca8.jpg?fit=800%2C640&#038;ssl=1\" src=\"https:\/\/i0.wp.com\/horteladaribeira.pt\/wp-content\/uploads\/2023\/11\/bouca8.jpg?w=262&#038;h=210&#038;ssl=1\" srcset=\"https:\/\/i0.wp.com\/horteladaribeira.pt\/wp-content\/uploads\/2023\/11\/bouca8.jpg?w=1000&amp;ssl=1 1000w, https:\/\/i0.wp.com\/horteladaribeira.pt\/wp-content\/uploads\/2023\/11\/bouca8.jpg?resize=300%2C240&amp;ssl=1 300w, https:\/\/i0.wp.com\/horteladaribeira.pt\/wp-content\/uploads\/2023\/11\/bouca8.jpg?resize=768%2C614&amp;ssl=1 768w, https:\/\/i0.wp.com\/horteladaribeira.pt\/wp-content\/uploads\/2023\/11\/bouca8.jpg?resize=800%2C640&amp;ssl=1 800w\" width=\"262\" height=\"210\" loading=\"lazy\" data-original-width=\"262\" data-original-height=\"210\" itemprop=\"http:\/\/schema.org\/image\" title=\"bouca8\" alt=\"9_Le village : Bou\u00e7a\" style=\"width: 262px; height: 210px;\" \/> <\/a> <div class=\"tiled-gallery-caption\" itemprop=\"caption description\"> 9_Le village : Bou\u00e7a <\/div> <\/div> <\/div> <!-- close group --> <\/div> <!-- close row --> <div class=\"gallery-row\" style=\"width: 800px; height: 428px;\" data-original-width=\"800\" data-original-height=\"428\" > <div class=\"gallery-group images-2\" style=\"width: 266px; height: 428px;\" data-original-width=\"266\" data-original-height=\"428\" > <div class=\"tiled-gallery-item tiled-gallery-item-large\" itemprop=\"associatedMedia\" itemscope itemtype=\"http:\/\/schema.org\/ImageObject\"> <a href=\"https:\/\/horteladaribeira.pt\/bouca7-2\/\" border=\"0\" itemprop=\"url\"> <meta itemprop=\"width\" content=\"262\"> <meta itemprop=\"height\" content=\"210\"> <img decoding=\"async\" class=\"\" data-attachment-id=\"2036\" data-orig-file=\"https:\/\/horteladaribeira.pt\/wp-content\/uploads\/2023\/11\/bouca7.jpg\" data-orig-size=\"1000,800\" data-comments-opened=\"1\" data-image-meta=\"{&quot;aperture&quot;:&quot;0&quot;,&quot;credit&quot;:&quot;&quot;,&quot;camera&quot;:&quot;&quot;,&quot;caption&quot;:&quot;&quot;,&quot;created_timestamp&quot;:&quot;0&quot;,&quot;copyright&quot;:&quot;&quot;,&quot;focal_length&quot;:&quot;0&quot;,&quot;iso&quot;:&quot;0&quot;,&quot;shutter_speed&quot;:&quot;0&quot;,&quot;title&quot;:&quot;&quot;,&quot;orientation&quot;:&quot;0&quot;}\" data-image-title=\"bouca7\" data-image-description=\"\" data-medium-file=\"https:\/\/i0.wp.com\/horteladaribeira.pt\/wp-content\/uploads\/2023\/11\/bouca7.jpg?fit=300%2C240&#038;ssl=1\" data-large-file=\"https:\/\/i0.wp.com\/horteladaribeira.pt\/wp-content\/uploads\/2023\/11\/bouca7.jpg?fit=800%2C640&#038;ssl=1\" src=\"https:\/\/i0.wp.com\/horteladaribeira.pt\/wp-content\/uploads\/2023\/11\/bouca7.jpg?w=262&#038;h=210&#038;ssl=1\" srcset=\"https:\/\/i0.wp.com\/horteladaribeira.pt\/wp-content\/uploads\/2023\/11\/bouca7.jpg?w=1000&amp;ssl=1 1000w, https:\/\/i0.wp.com\/horteladaribeira.pt\/wp-content\/uploads\/2023\/11\/bouca7.jpg?resize=300%2C240&amp;ssl=1 300w, https:\/\/i0.wp.com\/horteladaribeira.pt\/wp-content\/uploads\/2023\/11\/bouca7.jpg?resize=768%2C614&amp;ssl=1 768w, https:\/\/i0.wp.com\/horteladaribeira.pt\/wp-content\/uploads\/2023\/11\/bouca7.jpg?resize=800%2C640&amp;ssl=1 800w\" width=\"262\" height=\"210\" loading=\"lazy\" data-original-width=\"262\" data-original-height=\"210\" itemprop=\"http:\/\/schema.org\/image\" title=\"bouca7\" alt=\"8_Le village : Bou\u00e7a\" style=\"width: 262px; height: 210px;\" \/> <\/a> <div class=\"tiled-gallery-caption\" itemprop=\"caption description\"> 8_Le village : Bou\u00e7a <\/div> <\/div> <div class=\"tiled-gallery-item tiled-gallery-item-large\" itemprop=\"associatedMedia\" itemscope itemtype=\"http:\/\/schema.org\/ImageObject\"> <a href=\"https:\/\/horteladaribeira.pt\/bouca5-2\/\" border=\"0\" itemprop=\"url\"> <meta itemprop=\"width\" content=\"262\"> <meta itemprop=\"height\" content=\"210\"> <img decoding=\"async\" class=\"\" data-attachment-id=\"2030\" data-orig-file=\"https:\/\/horteladaribeira.pt\/wp-content\/uploads\/2023\/11\/bouca5.jpg\" data-orig-size=\"1000,800\" data-comments-opened=\"1\" data-image-meta=\"{&quot;aperture&quot;:&quot;0&quot;,&quot;credit&quot;:&quot;&quot;,&quot;camera&quot;:&quot;&quot;,&quot;caption&quot;:&quot;&quot;,&quot;created_timestamp&quot;:&quot;0&quot;,&quot;copyright&quot;:&quot;&quot;,&quot;focal_length&quot;:&quot;0&quot;,&quot;iso&quot;:&quot;0&quot;,&quot;shutter_speed&quot;:&quot;0&quot;,&quot;title&quot;:&quot;&quot;,&quot;orientation&quot;:&quot;0&quot;}\" data-image-title=\"bouca5\" data-image-description=\"\" data-medium-file=\"https:\/\/i0.wp.com\/horteladaribeira.pt\/wp-content\/uploads\/2023\/11\/bouca5.jpg?fit=300%2C240&#038;ssl=1\" data-large-file=\"https:\/\/i0.wp.com\/horteladaribeira.pt\/wp-content\/uploads\/2023\/11\/bouca5.jpg?fit=800%2C640&#038;ssl=1\" src=\"https:\/\/i0.wp.com\/horteladaribeira.pt\/wp-content\/uploads\/2023\/11\/bouca5.jpg?w=262&#038;h=210&#038;ssl=1\" srcset=\"https:\/\/i0.wp.com\/horteladaribeira.pt\/wp-content\/uploads\/2023\/11\/bouca5.jpg?w=1000&amp;ssl=1 1000w, https:\/\/i0.wp.com\/horteladaribeira.pt\/wp-content\/uploads\/2023\/11\/bouca5.jpg?resize=300%2C240&amp;ssl=1 300w, https:\/\/i0.wp.com\/horteladaribeira.pt\/wp-content\/uploads\/2023\/11\/bouca5.jpg?resize=768%2C614&amp;ssl=1 768w, https:\/\/i0.wp.com\/horteladaribeira.pt\/wp-content\/uploads\/2023\/11\/bouca5.jpg?resize=800%2C640&amp;ssl=1 800w\" width=\"262\" height=\"210\" loading=\"lazy\" data-original-width=\"262\" data-original-height=\"210\" itemprop=\"http:\/\/schema.org\/image\" title=\"bouca5\" alt=\"6_Le village : Bou\u00e7a\" style=\"width: 262px; height: 210px;\" \/> <\/a> <div class=\"tiled-gallery-caption\" itemprop=\"caption description\"> 6_Le village : Bou\u00e7a <\/div> <\/div> <\/div> <!-- close group --> <div class=\"gallery-group images-1\" style=\"width: 534px; height: 428px;\" data-original-width=\"534\" data-original-height=\"428\" > <div class=\"tiled-gallery-item tiled-gallery-item-large\" itemprop=\"associatedMedia\" itemscope itemtype=\"http:\/\/schema.org\/ImageObject\"> <a href=\"https:\/\/horteladaribeira.pt\/bouca4-2\/\" border=\"0\" itemprop=\"url\"> <meta itemprop=\"width\" content=\"530\"> <meta itemprop=\"height\" content=\"424\"> <img decoding=\"async\" class=\"\" data-attachment-id=\"2027\" data-orig-file=\"https:\/\/horteladaribeira.pt\/wp-content\/uploads\/2023\/11\/bouca4.jpg\" data-orig-size=\"1000,800\" data-comments-opened=\"1\" data-image-meta=\"{&quot;aperture&quot;:&quot;0&quot;,&quot;credit&quot;:&quot;&quot;,&quot;camera&quot;:&quot;&quot;,&quot;caption&quot;:&quot;&quot;,&quot;created_timestamp&quot;:&quot;0&quot;,&quot;copyright&quot;:&quot;&quot;,&quot;focal_length&quot;:&quot;0&quot;,&quot;iso&quot;:&quot;0&quot;,&quot;shutter_speed&quot;:&quot;0&quot;,&quot;title&quot;:&quot;&quot;,&quot;orientation&quot;:&quot;0&quot;}\" data-image-title=\"bouca4\" data-image-description=\"\" data-medium-file=\"https:\/\/i0.wp.com\/horteladaribeira.pt\/wp-content\/uploads\/2023\/11\/bouca4.jpg?fit=300%2C240&#038;ssl=1\" data-large-file=\"https:\/\/i0.wp.com\/horteladaribeira.pt\/wp-content\/uploads\/2023\/11\/bouca4.jpg?fit=800%2C640&#038;ssl=1\" src=\"https:\/\/i0.wp.com\/horteladaribeira.pt\/wp-content\/uploads\/2023\/11\/bouca4.jpg?w=530&#038;h=424&#038;ssl=1\" srcset=\"https:\/\/i0.wp.com\/horteladaribeira.pt\/wp-content\/uploads\/2023\/11\/bouca4.jpg?w=1000&amp;ssl=1 1000w, https:\/\/i0.wp.com\/horteladaribeira.pt\/wp-content\/uploads\/2023\/11\/bouca4.jpg?resize=300%2C240&amp;ssl=1 300w, https:\/\/i0.wp.com\/horteladaribeira.pt\/wp-content\/uploads\/2023\/11\/bouca4.jpg?resize=768%2C614&amp;ssl=1 768w, https:\/\/i0.wp.com\/horteladaribeira.pt\/wp-content\/uploads\/2023\/11\/bouca4.jpg?resize=800%2C640&amp;ssl=1 800w\" width=\"530\" height=\"424\" loading=\"lazy\" data-original-width=\"530\" data-original-height=\"424\" itemprop=\"http:\/\/schema.org\/image\" title=\"bouca4\" alt=\"5_Le village : Bou\u00e7a\" style=\"width: 530px; height: 424px;\" \/> <\/a> <div class=\"tiled-gallery-caption\" itemprop=\"caption description\"> 5_Le village : Bou\u00e7a <\/div> <\/div> <\/div> <!-- close group --> <\/div> <!-- close row --> <div class=\"gallery-row\" style=\"width: 800px; height: 214px;\" data-original-width=\"800\" data-original-height=\"214\" > <div class=\"gallery-group images-1\" style=\"width: 267px; height: 214px;\" data-original-width=\"267\" data-original-height=\"214\" > <div class=\"tiled-gallery-item tiled-gallery-item-large\" itemprop=\"associatedMedia\" itemscope itemtype=\"http:\/\/schema.org\/ImageObject\"> <a href=\"https:\/\/horteladaribeira.pt\/bouca3-2\/\" border=\"0\" itemprop=\"url\"> <meta itemprop=\"width\" content=\"263\"> <meta itemprop=\"height\" content=\"210\"> <img decoding=\"async\" class=\"\" data-attachment-id=\"2024\" data-orig-file=\"https:\/\/horteladaribeira.pt\/wp-content\/uploads\/2023\/11\/bouca3.jpg\" data-orig-size=\"1000,800\" data-comments-opened=\"1\" data-image-meta=\"{&quot;aperture&quot;:&quot;0&quot;,&quot;credit&quot;:&quot;&quot;,&quot;camera&quot;:&quot;&quot;,&quot;caption&quot;:&quot;&quot;,&quot;created_timestamp&quot;:&quot;0&quot;,&quot;copyright&quot;:&quot;&quot;,&quot;focal_length&quot;:&quot;0&quot;,&quot;iso&quot;:&quot;0&quot;,&quot;shutter_speed&quot;:&quot;0&quot;,&quot;title&quot;:&quot;&quot;,&quot;orientation&quot;:&quot;0&quot;}\" data-image-title=\"bouca3\" data-image-description=\"\" data-medium-file=\"https:\/\/i0.wp.com\/horteladaribeira.pt\/wp-content\/uploads\/2023\/11\/bouca3.jpg?fit=300%2C240&#038;ssl=1\" data-large-file=\"https:\/\/i0.wp.com\/horteladaribeira.pt\/wp-content\/uploads\/2023\/11\/bouca3.jpg?fit=800%2C640&#038;ssl=1\" src=\"https:\/\/i0.wp.com\/horteladaribeira.pt\/wp-content\/uploads\/2023\/11\/bouca3.jpg?w=263&#038;h=210&#038;ssl=1\" srcset=\"https:\/\/i0.wp.com\/horteladaribeira.pt\/wp-content\/uploads\/2023\/11\/bouca3.jpg?w=1000&amp;ssl=1 1000w, https:\/\/i0.wp.com\/horteladaribeira.pt\/wp-content\/uploads\/2023\/11\/bouca3.jpg?resize=300%2C240&amp;ssl=1 300w, https:\/\/i0.wp.com\/horteladaribeira.pt\/wp-content\/uploads\/2023\/11\/bouca3.jpg?resize=768%2C614&amp;ssl=1 768w, https:\/\/i0.wp.com\/horteladaribeira.pt\/wp-content\/uploads\/2023\/11\/bouca3.jpg?resize=800%2C640&amp;ssl=1 800w\" width=\"263\" height=\"210\" loading=\"lazy\" data-original-width=\"263\" data-original-height=\"210\" itemprop=\"http:\/\/schema.org\/image\" title=\"bouca3\" alt=\"4_Le village : Bou\u00e7a\" style=\"width: 263px; height: 210px;\" \/> <\/a> <div class=\"tiled-gallery-caption\" itemprop=\"caption description\"> 4_Le village : Bou\u00e7a <\/div> <\/div> <\/div> <!-- close group --> <div class=\"gallery-group images-1\" style=\"width: 267px; height: 214px;\" data-original-width=\"267\" data-original-height=\"214\" > <div class=\"tiled-gallery-item tiled-gallery-item-large\" itemprop=\"associatedMedia\" itemscope itemtype=\"http:\/\/schema.org\/ImageObject\"> <a href=\"https:\/\/horteladaribeira.pt\/bouca2-2\/\" border=\"0\" itemprop=\"url\"> <meta itemprop=\"width\" content=\"263\"> <meta itemprop=\"height\" content=\"210\"> <img decoding=\"async\" class=\"\" data-attachment-id=\"2021\" data-orig-file=\"https:\/\/horteladaribeira.pt\/wp-content\/uploads\/2023\/11\/bouca2.jpg\" data-orig-size=\"1000,800\" data-comments-opened=\"1\" data-image-meta=\"{&quot;aperture&quot;:&quot;0&quot;,&quot;credit&quot;:&quot;&quot;,&quot;camera&quot;:&quot;&quot;,&quot;caption&quot;:&quot;&quot;,&quot;created_timestamp&quot;:&quot;0&quot;,&quot;copyright&quot;:&quot;&quot;,&quot;focal_length&quot;:&quot;0&quot;,&quot;iso&quot;:&quot;0&quot;,&quot;shutter_speed&quot;:&quot;0&quot;,&quot;title&quot;:&quot;&quot;,&quot;orientation&quot;:&quot;0&quot;}\" data-image-title=\"bouca2\" data-image-description=\"\" data-medium-file=\"https:\/\/i0.wp.com\/horteladaribeira.pt\/wp-content\/uploads\/2023\/11\/bouca2.jpg?fit=300%2C240&#038;ssl=1\" data-large-file=\"https:\/\/i0.wp.com\/horteladaribeira.pt\/wp-content\/uploads\/2023\/11\/bouca2.jpg?fit=800%2C640&#038;ssl=1\" src=\"https:\/\/i0.wp.com\/horteladaribeira.pt\/wp-content\/uploads\/2023\/11\/bouca2.jpg?w=263&#038;h=210&#038;ssl=1\" srcset=\"https:\/\/i0.wp.com\/horteladaribeira.pt\/wp-content\/uploads\/2023\/11\/bouca2.jpg?w=1000&amp;ssl=1 1000w, https:\/\/i0.wp.com\/horteladaribeira.pt\/wp-content\/uploads\/2023\/11\/bouca2.jpg?resize=300%2C240&amp;ssl=1 300w, https:\/\/i0.wp.com\/horteladaribeira.pt\/wp-content\/uploads\/2023\/11\/bouca2.jpg?resize=768%2C614&amp;ssl=1 768w, https:\/\/i0.wp.com\/horteladaribeira.pt\/wp-content\/uploads\/2023\/11\/bouca2.jpg?resize=800%2C640&amp;ssl=1 800w\" width=\"263\" height=\"210\" loading=\"lazy\" data-original-width=\"263\" data-original-height=\"210\" itemprop=\"http:\/\/schema.org\/image\" title=\"bouca2\" alt=\"3_Le village : Bou\u00e7a\" style=\"width: 263px; height: 210px;\" \/> <\/a> <div class=\"tiled-gallery-caption\" itemprop=\"caption description\"> 3_Le village : Bou\u00e7a <\/div> <\/div> <\/div> <!-- close group --> <div class=\"gallery-group images-1\" style=\"width: 266px; height: 214px;\" data-original-width=\"266\" data-original-height=\"214\" > <div class=\"tiled-gallery-item tiled-gallery-item-large\" itemprop=\"associatedMedia\" itemscope itemtype=\"http:\/\/schema.org\/ImageObject\"> <a href=\"https:\/\/horteladaribeira.pt\/bouca1-2-2\/\" border=\"0\" itemprop=\"url\"> <meta itemprop=\"width\" content=\"262\"> <meta itemprop=\"height\" content=\"210\"> <img decoding=\"async\" class=\"\" data-attachment-id=\"2019\" data-orig-file=\"https:\/\/horteladaribeira.pt\/wp-content\/uploads\/2023\/11\/bouca1.jpg\" data-orig-size=\"1000,800\" data-comments-opened=\"1\" data-image-meta=\"{&quot;aperture&quot;:&quot;0&quot;,&quot;credit&quot;:&quot;&quot;,&quot;camera&quot;:&quot;&quot;,&quot;caption&quot;:&quot;&quot;,&quot;created_timestamp&quot;:&quot;0&quot;,&quot;copyright&quot;:&quot;&quot;,&quot;focal_length&quot;:&quot;0&quot;,&quot;iso&quot;:&quot;0&quot;,&quot;shutter_speed&quot;:&quot;0&quot;,&quot;title&quot;:&quot;&quot;,&quot;orientation&quot;:&quot;0&quot;}\" data-image-title=\"bouca1\" data-image-description=\"\" data-medium-file=\"https:\/\/i0.wp.com\/horteladaribeira.pt\/wp-content\/uploads\/2023\/11\/bouca1.jpg?fit=300%2C240&#038;ssl=1\" data-large-file=\"https:\/\/i0.wp.com\/horteladaribeira.pt\/wp-content\/uploads\/2023\/11\/bouca1.jpg?fit=800%2C640&#038;ssl=1\" src=\"https:\/\/i0.wp.com\/horteladaribeira.pt\/wp-content\/uploads\/2023\/11\/bouca1.jpg?w=262&#038;h=210&#038;ssl=1\" srcset=\"https:\/\/i0.wp.com\/horteladaribeira.pt\/wp-content\/uploads\/2023\/11\/bouca1.jpg?w=1000&amp;ssl=1 1000w, https:\/\/i0.wp.com\/horteladaribeira.pt\/wp-content\/uploads\/2023\/11\/bouca1.jpg?resize=300%2C240&amp;ssl=1 300w, https:\/\/i0.wp.com\/horteladaribeira.pt\/wp-content\/uploads\/2023\/11\/bouca1.jpg?resize=768%2C614&amp;ssl=1 768w, https:\/\/i0.wp.com\/horteladaribeira.pt\/wp-content\/uploads\/2023\/11\/bouca1.jpg?resize=800%2C640&amp;ssl=1 800w\" width=\"262\" height=\"210\" loading=\"lazy\" data-original-width=\"262\" data-original-height=\"210\" itemprop=\"http:\/\/schema.org\/image\" title=\"bouca1\" alt=\"2_Le village : Bou\u00e7a\" style=\"width: 262px; height: 210px;\" \/> <\/a> <div class=\"tiled-gallery-caption\" itemprop=\"caption description\"> 2_Le village : Bou\u00e7a <\/div> <\/div> <\/div> <!-- close group --> <\/div> <!-- close row --> <\/div>\n<h2>Collectivit\u00e9s<\/h2>\n<p>Groupe de divertissement sportif et culturel Bou\u00e7a<br \/>\nGroupe de tambours Bou\u00e7a<\/p>\n","protected":false},"excerpt":{"rendered":"<p>Bou\u00e7a est un village de 228 habitants (donn\u00e9es de 2011) qui fait partie de la paroisse de Cortes do Meio, dans la municipalit\u00e9 de Covilh\u00e3, ville dont il se trouve \u00e0 16 km. Bienvenue \u00e0 Bou\u00e7a!<\/p>\n","protected":false},"author":1,"featured_media":2015,"parent":1523,"menu_order":2,"comment_status":"closed","ping_status":"closed","template":"","meta":{"inline_featured_image":false,"footnotes":""},"class_list":["post-2154","page","type-page","status-publish","has-post-thumbnail","hentry"],"aioseo_notices":[],"jetpack_sharing_enabled":true,"_links":{"self":[{"href":"https:\/\/horteladaribeira.pt\/index.php\/wp-json\/wp\/v2\/pages\/2154","targetHints":{"allow":["GET"]}}],"collection":[{"href":"https:\/\/horteladaribeira.pt\/index.php\/wp-json\/wp\/v2\/pages"}],"about":[{"href":"https:\/\/horteladaribeira.pt\/index.php\/wp-json\/wp\/v2\/types\/page"}],"author":[{"embeddable":true,"href":"https:\/\/horteladaribeira.pt\/index.php\/wp-json\/wp\/v2\/users\/1"}],"replies":[{"embeddable":true,"href":"https:\/\/horteladaribeira.pt\/index.php\/wp-json\/wp\/v2\/comments?post=2154"}],"version-history":[{"count":0,"href":"https:\/\/horteladaribeira.pt\/index.php\/wp-json\/wp\/v2\/pages\/2154\/revisions"}],"up":[{"embeddable":true,"href":"https:\/\/horteladaribeira.pt\/index.php\/wp-json\/wp\/v2\/pages\/1523"}],"wp:featuredmedia":[{"embeddable":true,"href":"https:\/\/horteladaribeira.pt\/index.php\/wp-json\/wp\/v2\/media\/2015"}],"wp:attachment":[{"href":"https:\/\/horteladaribeira.pt\/index.php\/wp-json\/wp\/v2\/media?parent=2154"}],"curies":[{"name":"wp","href":"https:\/\/api.w.org\/{rel}","templated":true}]}}