{"id":1468,"date":"2024-01-03T19:08:12","date_gmt":"2024-01-03T19:08:12","guid":{"rendered":"https:\/\/horteladaribeira.pt\/index.php\/home-espanol\/"},"modified":"2024-01-30T17:03:03","modified_gmt":"2024-01-30T17:03:03","slug":"home-espanol","status":"publish","type":"page","link":"https:\/\/horteladaribeira.pt\/index.php\/es\/home-espanol\/","title":{"rendered":"Home"},"content":{"rendered":"<h2><span style=\"color: #808080;\">Ocio y Bienestar | Naturaleza | Campo y Monta\u00f1a<\/span><br \/>Quinta Hortel\u00e3 da Ribeira | Serra da Estrela | Portugal<\/h2>\n<p>En un para\u00edso, cercano a todos, pero desconocido para muchos, naci\u00f3 un nuevo refugio.<strong> \u00a1Ya est\u00e1 abierto!<\/strong><\/p>\n<p><img data-recalc-dims=\"1\" loading=\"lazy\" decoding=\"async\" class=\"alignleft wp-image-2944\" src=\"https:\/\/i0.wp.com\/horteladaribeira.pt\/wp-content\/uploads\/2024\/01\/IMG-20230816-WA0003-3.jpg?resize=375%2C281&#038;ssl=1\" alt=\"Vista a\u00e9rea de Hortel\u00e3 da Ribeira | Sierra de la Estrella\" width=\"375\" height=\"281\" srcset=\"https:\/\/i0.wp.com\/horteladaribeira.pt\/wp-content\/uploads\/2024\/01\/IMG-20230816-WA0003-3.jpg?resize=300%2C225&amp;ssl=1 300w, https:\/\/i0.wp.com\/horteladaribeira.pt\/wp-content\/uploads\/2024\/01\/IMG-20230816-WA0003-3.jpg?resize=768%2C576&amp;ssl=1 768w, https:\/\/i0.wp.com\/horteladaribeira.pt\/wp-content\/uploads\/2024\/01\/IMG-20230816-WA0003-3.jpg?resize=800%2C600&amp;ssl=1 800w, https:\/\/i0.wp.com\/horteladaribeira.pt\/wp-content\/uploads\/2024\/01\/IMG-20230816-WA0003-3.jpg?w=1024&amp;ssl=1 1024w\" sizes=\"auto, (max-width: 375px) 100vw, 375px\" \/><\/p>\n<p><strong>\u00bfQu\u00e9 es Hortel\u00e3 da Ribeira &#8211; Serra da Estrela?<\/strong><\/p>\n<p>Un refugio.<br \/>Transformado en turismo rural.<\/p>\n<p>Una finca adosada, ubicada en el hermoso Parque Natural de la Serra da Estrela, declarado Geoparque Mundial por la UNESCO. Situada a 20 km de Covilh\u00e3 y 3 km de Cortes do Meio, a 1,5 km de Bou\u00e7a &#8211; Pueblos de Monta\u00f1a y a s\u00f3lo 8 km de Torre (cima de la Serra da Estrela y punto m\u00e1s alto del Portugal continental. Quinta Hortel\u00e3 da Ribeira toma con Ribeira de Cortes y est\u00e1 Inmediatamente despu\u00e9s del pueblo de Bou\u00e7a, desde aqu\u00ed se puede seguir la carretera de Cortes do Meio a Penhas da Sa\u00fade (EM508-EN339), proporcionando as\u00ed el mejor y m\u00e1s bello acceso a la cima de la Serra da Estrela.<\/p>\n<p>Todo empez\u00f3 con un proyecto agr\u00edcola, con la plantaci\u00f3n de nogales, madro\u00f1os y algunos \u00e1rboles frutales &#8211; caqui, cerezo, ciruelo, granado, higuera, morera, entre otros.<br \/>Posteriormente, la reutilizaci\u00f3n de una antigua estructura de piedra, que serv\u00eda para albergar ganado, permiti\u00f3 hacer realidad el sue\u00f1o de desarrollar este refugio, en uno de los paisajes naturales m\u00e1s bellos y privilegiados del centro del pa\u00eds.<\/p>\n<p>\u00a1Ahora abrimos la puerta a todos aquellos que sean amantes de la naturaleza y quieran descubrir y conocer la Serra da Estrela!<br \/><strong>\u00a1Bienvenidos a Hortel\u00e3 da Ribeira!<\/strong><\/p>\n<p>En <a href=\"https:\/\/horteladaribeira.pt\/index.php\/es\/pueblos\/bouca\/\">Bou\u00e7a<\/a>, <a href=\"https:\/\/horteladaribeira.pt\/index.php\/es\/pueblos\/cortes-do-meio\/\">Cortes do Meio<\/a>, <a href=\"https:\/\/www.cm-covilha.pt\/\" target=\"_blank\" rel=\"noopener\">Municipio de Covilh\u00e3<\/a>.<br \/>Venga a conocer. \u00a1Te estamos esperando!<br \/>Es verdad, eso es lo que decimos, \u00a1pero vale la pena!<\/p>\n<h4>Contactos:<\/h4>\n<p>Tel\u00e9fono y WhatsApp: +351 966 675 710 *llamada a red m\u00f3vil nacional<br \/><a href=\"mailto:geral@horteladaribeira.pt\">geral@horteladaribeira.pt<\/a><\/p>\n<p>\u00a0<\/p>\n\n\n\n<\/p>\n\n\n<div class=\"wp-block-buttons is-layout-flex wp-block-buttons-is-layout-flex\">\n<div class=\"wp-block-button\"><a class=\"wp-block-button__link wp-element-button\" href=\"https:\/\/horteladaribeira.pt\/index.php\/es\/libro-en-linea\/\">Reservar<\/a><\/div>\n\n\n\n<div class=\"wp-block-button\"><a class=\"wp-block-button__link wp-element-button\" href=\"https:\/\/horteladaribeira.pt\/index.php\/es\/alojamiento\/\">ver alojamientos<\/a><\/div>\n<\/div>\n","protected":false},"excerpt":{"rendered":"<p>Ocio y Bienestar | Naturaleza | Campo y Monta\u00f1aQuinta Hortel\u00e3 da Ribeira | Serra da Estrela | Portugal En un para\u00edso, cercano a todos, pero desconocido para muchos, naci\u00f3 un nuevo refugio. \u00a1Ya est\u00e1 abierto! \u00bfQu\u00e9 es Hortel\u00e3 da Ribeira &#8211; Serra da Estrela? Un refugio.Transformado en turismo rural. Una finca adosada, ubicada en el [&hellip;]<\/p>\n","protected":false},"author":1,"featured_media":2590,"parent":0,"menu_order":0,"comment_status":"closed","ping_status":"closed","template":"template-front-page.php","meta":{"inline_featured_image":false,"footnotes":""},"class_list":["post-1468","page","type-page","status-publish","has-post-thumbnail","hentry"],"aioseo_notices":[],"jetpack_sharing_enabled":true,"_links":{"self":[{"href":"https:\/\/horteladaribeira.pt\/index.php\/wp-json\/wp\/v2\/pages\/1468","targetHints":{"allow":["GET"]}}],"collection":[{"href":"https:\/\/horteladaribeira.pt\/index.php\/wp-json\/wp\/v2\/pages"}],"about":[{"href":"https:\/\/horteladaribeira.pt\/index.php\/wp-json\/wp\/v2\/types\/page"}],"author":[{"embeddable":true,"href":"https:\/\/horteladaribeira.pt\/index.php\/wp-json\/wp\/v2\/users\/1"}],"replies":[{"embeddable":true,"href":"https:\/\/horteladaribeira.pt\/index.php\/wp-json\/wp\/v2\/comments?post=1468"}],"version-history":[{"count":3,"href":"https:\/\/horteladaribeira.pt\/index.php\/wp-json\/wp\/v2\/pages\/1468\/revisions"}],"predecessor-version":[{"id":2956,"href":"https:\/\/horteladaribeira.pt\/index.php\/wp-json\/wp\/v2\/pages\/1468\/revisions\/2956"}],"wp:featuredmedia":[{"embeddable":true,"href":"https:\/\/horteladaribeira.pt\/index.php\/wp-json\/wp\/v2\/media\/2590"}],"wp:attachment":[{"href":"https:\/\/horteladaribeira.pt\/index.php\/wp-json\/wp\/v2\/media?parent=1468"}],"curies":[{"name":"wp","href":"https:\/\/api.w.org\/{rel}","templated":true}]}}