{"id":1466,"date":"2024-01-03T19:08:12","date_gmt":"2024-01-03T19:08:12","guid":{"rendered":"https:\/\/horteladaribeira.pt\/index.php\/home-english\/"},"modified":"2024-01-30T17:05:40","modified_gmt":"2024-01-30T17:05:40","slug":"home-english","status":"publish","type":"page","link":"https:\/\/horteladaribeira.pt\/index.php\/en\/home-english\/","title":{"rendered":"Home &#8211; English"},"content":{"rendered":"<h2><span style=\"color: #808080;\">Leisure and Wellbeing | Nature | Countryside and Mountain<\/span><br \/>Quinta Hortel\u00e3 da Ribeira | Serra da Estrela | Portugal<\/h2>\n<p>In a paradise, close to everyone, but unknown to many, a new refuge was born. <strong>It&#8217;s already opened!<\/strong><\/p>\n<p><img data-recalc-dims=\"1\" loading=\"lazy\" decoding=\"async\" class=\"alignleft wp-image-2942\" src=\"https:\/\/i0.wp.com\/horteladaribeira.pt\/wp-content\/uploads\/2024\/01\/IMG-20230816-WA0003-3.jpg?resize=375%2C281&#038;ssl=1\" alt=\"Aerial view of Hortel\u00e3 da Ribeira | Serra da Estrela\" width=\"375\" height=\"281\" srcset=\"https:\/\/i0.wp.com\/horteladaribeira.pt\/wp-content\/uploads\/2024\/01\/IMG-20230816-WA0003-3.jpg?resize=300%2C225&amp;ssl=1 300w, https:\/\/i0.wp.com\/horteladaribeira.pt\/wp-content\/uploads\/2024\/01\/IMG-20230816-WA0003-3.jpg?resize=768%2C576&amp;ssl=1 768w, https:\/\/i0.wp.com\/horteladaribeira.pt\/wp-content\/uploads\/2024\/01\/IMG-20230816-WA0003-3.jpg?resize=800%2C600&amp;ssl=1 800w, https:\/\/i0.wp.com\/horteladaribeira.pt\/wp-content\/uploads\/2024\/01\/IMG-20230816-WA0003-3.jpg?w=1024&amp;ssl=1 1024w\" sizes=\"auto, (max-width: 375px) 100vw, 375px\" \/><\/p>\n<p><strong>What is Hortel\u00e3 da Ribeira &#8211; Serra da Estrela?<\/strong><\/p>\n<p>A refuge.<br \/>Transformed into rural tourism.<\/p>\n<p>A terraced farm, located in the beautiful Serra da Estrela Natural Park, a UNESCO World Geopark. Located 20 km from Covilh\u00e3 and 3 km from Cortes do Meio, 1.5 km from Bou\u00e7a &#8211; Mountain Villages and just 8 km from Torre (top of Serra da Estrela and highest point in mainland Portugal. Quinta Hortel\u00e3 da Ribeira takes with Ribeira de Cortes and is immediately after the village of Bou\u00e7a. From here, you can follow the road from Cortes do Meio to Penhas da Sa\u00fade (EM508-EN339), thus providing the best and most beautiful access to the top of Serra da Estrela!<\/p>\n<p>It all started with an agricultural project, with the planting of walnut trees, strawberry trees and some fruit trees &#8211; persimmon, cherry, plum, pomegranate, fig, mulberry, among others.<br \/>After that, the reuse of an old stone structure, which was used to house cattle, made it possible to realize the dream of developing this refuge, in one of the most beautiful and privileged natural landscapes in the center of the country.<\/p>\n<p>Now, we open the door to all those who are nature lovers and want to discover and get to know Serra da Estrela!<br \/><strong>Welcome to Hortel\u00e3 da Ribeira!<\/strong><\/p>\n<p>In <a href=\"https:\/\/horteladaribeira.pt\/index.php\/en\/villages-2\/bouca\/\">Bou\u00e7a<\/a>,<a href=\"https:\/\/horteladaribeira.pt\/index.php\/en\/villages-2\/cortes-do-meio\/\"> Cortes do Meio<\/a>, <a href=\"https:\/\/www.cm-covilha.pt\/\" target=\"_blank\" rel=\"noopener\">Municipality of Covilh\u00e3<\/a>.<br \/>Come meet. We are waiting for you!<br \/>It&#8217;s true, that&#8217;s what we say, but it&#8217;s so worth it!<\/p>\n<h2>Contacts:<\/h2>\n<p>Telephone and WhatsApp: +351 966 675 710 *call to national mobile network<br \/><a href=\"mailto:geral@horteladaribeira.pt\">geral@horteladaribeira.pt<\/a><\/p>\n\n\n<div class=\"wp-block-buttons is-layout-flex wp-block-buttons-is-layout-flex\">\n<div class=\"wp-block-button\"><a class=\"wp-block-button__link wp-element-button\">Reserve<\/a><\/div>\n\n\n\n<div class=\"wp-block-button\"><a class=\"wp-block-button__link wp-element-button\">View accommodations<\/a><\/div>\n<\/div>\n","protected":false},"excerpt":{"rendered":"<p>Leisure and Wellbeing | Nature | Countryside and MountainQuinta Hortel\u00e3 da Ribeira | Serra da Estrela | Portugal In a paradise, close to everyone, but unknown to many, a new refuge was born. It&#8217;s already opened! What is Hortel\u00e3 da Ribeira &#8211; Serra da Estrela? A refuge.Transformed into rural tourism. A terraced farm, located in [&hellip;]<\/p>\n","protected":false},"author":1,"featured_media":2589,"parent":0,"menu_order":0,"comment_status":"closed","ping_status":"closed","template":"template-front-page.php","meta":{"inline_featured_image":false,"footnotes":""},"class_list":["post-1466","page","type-page","status-publish","has-post-thumbnail","hentry"],"aioseo_notices":[],"jetpack_sharing_enabled":true,"_links":{"self":[{"href":"https:\/\/horteladaribeira.pt\/index.php\/wp-json\/wp\/v2\/pages\/1466","targetHints":{"allow":["GET"]}}],"collection":[{"href":"https:\/\/horteladaribeira.pt\/index.php\/wp-json\/wp\/v2\/pages"}],"about":[{"href":"https:\/\/horteladaribeira.pt\/index.php\/wp-json\/wp\/v2\/types\/page"}],"author":[{"embeddable":true,"href":"https:\/\/horteladaribeira.pt\/index.php\/wp-json\/wp\/v2\/users\/1"}],"replies":[{"embeddable":true,"href":"https:\/\/horteladaribeira.pt\/index.php\/wp-json\/wp\/v2\/comments?post=1466"}],"version-history":[{"count":3,"href":"https:\/\/horteladaribeira.pt\/index.php\/wp-json\/wp\/v2\/pages\/1466\/revisions"}],"predecessor-version":[{"id":2958,"href":"https:\/\/horteladaribeira.pt\/index.php\/wp-json\/wp\/v2\/pages\/1466\/revisions\/2958"}],"wp:featuredmedia":[{"embeddable":true,"href":"https:\/\/horteladaribeira.pt\/index.php\/wp-json\/wp\/v2\/media\/2589"}],"wp:attachment":[{"href":"https:\/\/horteladaribeira.pt\/index.php\/wp-json\/wp\/v2\/media?parent=1466"}],"curies":[{"name":"wp","href":"https:\/\/api.w.org\/{rel}","templated":true}]}}