{"id":1181,"date":"2023-11-14T21:00:25","date_gmt":"2023-11-14T21:00:25","guid":{"rendered":"https:\/\/staging.horteladaribeira.pt\/?page_id=1181"},"modified":"2024-01-08T18:36:10","modified_gmt":"2024-01-08T18:36:10","slug":"hortela-da-ribeira","status":"publish","type":"page","link":"https:\/\/horteladaribeira.pt\/index.php\/hortela-da-ribeira\/","title":{"rendered":"Hortel\u00e3 da Ribeira"},"content":{"rendered":"<p><img data-recalc-dims=\"1\" loading=\"lazy\" decoding=\"async\" class=\"alignleft wp-image-537 size-medium\" src=\"https:\/\/i0.wp.com\/horteladaribeira.pt\/wp-content\/uploads\/2023\/10\/hortela-da-ribeira-low-resolution-logo-color-on-transparent-background.png?resize=300%2C300&#038;ssl=1\" alt=\"Logotipo da Hortel\u00e3 da Ribeira\" width=\"300\" height=\"300\" \/>O nome Hortel\u00e3 da Ribeira, remete-nos para a planta que aqui nasce e cresce de forma natural. A \u00e1gua abundante e o clima caracter\u00edstico, s\u00e3o os elementos necess\u00e1rios para o desenvolvimento desta planta que atribui \u00e0 quinta, al\u00e9m do aroma, o nome, que decidimos orgulhosamente adotar!\u00a0A envolvente que se v\u00ea, ouve e sente, faz-nos mergulhar na mais profunda tranquilidade e transporta-nos para a plenitude da vida na natureza, no seu m\u00e1ximo esplendor.<\/p>\n<p>A quinta, localiza-se a 1.5 km da Aldeia Bou\u00e7a, em Cortes do Meio, a 20km da Covilh\u00e3 \u2013 Capital de Concelho.<\/p>\n<p><strong>Bem-vindos \u00e0 Quinta Hortel\u00e3 da Ribeira.<\/strong><\/p>\n","protected":false},"excerpt":{"rendered":"<p>O nome Hortel\u00e3 da Ribeira, remete-nos para a planta que aqui nasce e cresce de forma natural. A \u00e1gua abundante e o clima caracter\u00edstico, s\u00e3o os elementos necess\u00e1rios para o desenvolvimento desta planta que atribui \u00e0 quinta, al\u00e9m do aroma, o nome, que decidimos orgulhosamente adotar!\u00a0A envolvente que se v\u00ea, ouve e sente, faz-nos mergulhar [&hellip;]<\/p>\n","protected":false},"author":1,"featured_media":0,"parent":0,"menu_order":1,"comment_status":"closed","ping_status":"closed","template":"","meta":{"inline_featured_image":false,"footnotes":""},"class_list":["post-1181","page","type-page","status-publish","hentry"],"aioseo_notices":[],"jetpack_sharing_enabled":true,"_links":{"self":[{"href":"https:\/\/horteladaribeira.pt\/index.php\/wp-json\/wp\/v2\/pages\/1181","targetHints":{"allow":["GET"]}}],"collection":[{"href":"https:\/\/horteladaribeira.pt\/index.php\/wp-json\/wp\/v2\/pages"}],"about":[{"href":"https:\/\/horteladaribeira.pt\/index.php\/wp-json\/wp\/v2\/types\/page"}],"author":[{"embeddable":true,"href":"https:\/\/horteladaribeira.pt\/index.php\/wp-json\/wp\/v2\/users\/1"}],"replies":[{"embeddable":true,"href":"https:\/\/horteladaribeira.pt\/index.php\/wp-json\/wp\/v2\/comments?post=1181"}],"version-history":[{"count":0,"href":"https:\/\/horteladaribeira.pt\/index.php\/wp-json\/wp\/v2\/pages\/1181\/revisions"}],"wp:attachment":[{"href":"https:\/\/horteladaribeira.pt\/index.php\/wp-json\/wp\/v2\/media?parent=1181"}],"curies":[{"name":"wp","href":"https:\/\/api.w.org\/{rel}","templated":true}]}}